{"id":2227,"date":"2020-02-23T12:24:20","date_gmt":"2020-02-23T12:24:20","guid":{"rendered":"http:\/\/www.moderndentistrymedia.com\/moderndentistrymedia\/?page_id=2227"},"modified":"2024-11-27T19:19:06","modified_gmt":"2024-11-27T19:19:06","slug":"2020-article-archive","status":"publish","type":"page","link":"https:\/\/www.moderndentistrymedia.com\/moderndentistrymedia\/article-archive\/2020-article-archive\/","title":{"rendered":"2020 ARTICLE ARCHIVE"},"content":{"rendered":"<p><a href=\"https:\/\/www.moderndentistrymedia.com\/aug_sep2020\/ethics2020\/ethics_2020.html\" target=\"_blank\" rel=\"noopener\"><strong>Ethics 2020 &#8211; Supplement <\/strong><\/a><br \/>\n<a href=\"https:\/\/www.moderndentistrymedia.com\/aug_sep2020\/ethics_2020.pdf\">View\/Download PDF<\/a><\/p>\n<p><strong>Vol 10 No 1 (February\/March 2020)<\/strong><\/p>\n<p>Nitzan Bichacho and Mirela Feraru<br \/>\n<a href=\"https:\/\/www.moderndentistrymedia.com\/moderndentistrymedia\/wp-content\/uploads\/2020\/02\/bichacho.pdf\">Replacing hopeless maxillary incisors with adjacent implants via an integrative biologically oriented approach<\/a><\/p>\n<p>Alan Atlas, Simone Grandini and Marco Martignoni<br \/>\n<a href=\"https:\/\/www.moderndentistrymedia.com\/moderndentistrymedia\/wp-content\/uploads\/2020\/02\/atlas.pdf\">Evidence-based treatment planning for the restoration of endodontically treated single teeth: importance of coronal seal, post vs no post, and indirect vs direct restoration<\/a><\/p>\n<p>Julia Plattner, Vasilios Alevizakos and Constantin von See<br \/>\n<a href=\"https:\/\/www.moderndentistrymedia.com\/moderndentistrymedia\/wp-content\/uploads\/2020\/02\/plattner.pdf\">Placement of a ceramic implant after uprighting the canine with aligner therapy due to tooth agenesis<\/a><\/p>\n<p>Peet J van der Vyver, Martin Vorster, Farzana Paleker and Natasha Predin Djuric<br \/>\n<a href=\"https:\/\/www.moderndentistrymedia.com\/moderndentistrymedia\/wp-content\/uploads\/2020\/02\/van-der-vyver.pdf\">Forward reciprocation of conventional rotary instruments \u2013 Literature review and clinical case reports<\/a><\/p>\n<p>Tif Qureshi<br \/>\n<a href=\"https:\/\/www.moderndentistrymedia.com\/moderndentistrymedia\/wp-content\/uploads\/2020\/02\/qureshi.pdf\">A simple and cost-effective makeover using the Dahl technique and composite edge bonding<\/a><\/p>\n<p>Olivier \u00c9tienne and B\u00e9rang\u00e8re Cournault<br \/>\n<a href=\"https:\/\/www.moderndentistrymedia.com\/moderndentistrymedia\/wp-content\/uploads\/2020\/02\/etienne.pdf\">Bonding of ceramic veneers<\/a><\/p>\n<p>Gregory Camaleonte<br \/>\n<a href=\"https:\/\/www.moderndentistrymedia.com\/moderndentistrymedia\/wp-content\/uploads\/2020\/02\/camaleonte.pdf\">Direct and indirect composite<\/a><\/p>\n<p>&nbsp;<\/p>\n<p><strong>Vol 10 No 2 (April\/May 2020)<\/strong><\/p>\n<p>Peet J van der Vyver, Martin Vorster and Ove A Peters<br \/>\n<a href=\"https:\/\/www.moderndentistrymedia.com\/moderndentistrymedia\/wp-content\/uploads\/2020\/04\/van-der-vyver.pdf\">Minimally invasive endodontics using a new single-file rotary system \u2013 Part 2<\/a><\/p>\n<p>Roberto Sorrentino<br \/>\n<a href=\"https:\/\/www.moderndentistrymedia.com\/moderndentistrymedia\/wp-content\/uploads\/2020\/04\/sorrentino.pdf\">Innovative resin-modified glass-ionomer cement for zirconia restorations: a case report<\/a><\/p>\n<p>Shivani Patel<br \/>\n<a href=\"https:\/\/www.moderndentistrymedia.com\/moderndentistrymedia\/wp-content\/uploads\/2020\/04\/patel.pdf\">Exploring orthodontic options in complex adult cases<\/a><\/p>\n<p>Johan Hartshorne and Andre van Zyl<br \/>\n<a href=\"https:\/\/www.moderndentistrymedia.com\/moderndentistrymedia\/wp-content\/uploads\/2020\/04\/hartshorne_van-zyl.pdf\">Dental malpractice and its liabilities: Ethical and legal considerations every dentist should know<\/a><\/p>\n<p>Linda Greenwall and Benedict Harrison<br \/>\n<a href=\"https:\/\/www.moderndentistrymedia.com\/moderndentistrymedia\/wp-content\/uploads\/2020\/04\/greenwall.pdf\">A simple chairside digital workflow<\/a><\/p>\n<p>&nbsp;<\/p>\n<p><strong>Vol 10 No 3 (June\/July 2020)<\/strong><\/p>\n<p>Andr\u00e9 W van Zyl and Inus Snyman<br \/>\n<a href=\"http:\/\/www.moderndentistrymedia.com\/jun_jul2020\/van-zyl.pdf\" target=\"_blank\" rel=\"noopener noreferrer\">Aesthetic two stage crown lengthening for altered passive eruption: A 25-year case report and review<\/a><\/p>\n<p>Mrudula Patel, Jainisha Desai and Peter C Owen<br \/>\n<a href=\"http:\/\/www.moderndentistrymedia.com\/jun_jul2020\/patel.pdf\" target=\"_blank\" rel=\"noopener noreferrer\">The efficacy of disinfectants in the decontamination of dental unit water lines: an in vitro laboratory study<\/a><\/p>\n<p>Andrea Klink, Fabian H\u00fcttig and Martin Groten<br \/>\n<a href=\"http:\/\/www.moderndentistrymedia.com\/jun_jul2020\/klink.pdf\" target=\"_blank\" rel=\"noopener noreferrer\">All-ceramic single-tooth restorations for treating damaged dental enamel: Long-term results in patients with and without amelogenesis imperfecta<\/a><\/p>\n<p>Jo\u00e3o Mauricio Ferraz da Silva and Danilo de Souza Andrade<br \/>\n<a href=\"http:\/\/www.moderndentistrymedia.com\/jun_jul2020\/da-silva.pdf\" target=\"_blank\" rel=\"noopener noreferrer\">Aesthetic anterior tooth restorations with nano-ceramic hybrid CAD\/ CAM blocks<\/a><\/p>\n<p>Josef Kunkela<br \/>\n<a href=\"http:\/\/www.moderndentistrymedia.com\/jun_jul2020\/kunkela.pdf\" target=\"_blank\" rel=\"noopener noreferrer\">Highly esthetic results with a new milling machine<\/a><\/p>\n<p>Attilio Sommella<br \/>\n<a href=\"https:\/\/www.moderndentistrymedia.com\/moderndentistrymedia\/wp-content\/uploads\/2020\/07\/Sommella.pdf\" target=\"_blank\" rel=\"noopener noreferrer\">Advanced concepts. Guided reduction for crowns and bridges<\/a><\/p>\n<p>&nbsp;<\/p>\n<p><strong>Vol 10 No 4 (August\/September 2020)<\/strong><\/p>\n<p>Gert Sauer, Riyaz Rahbeeni, Mogammad Thabit Peck, Johan Blaauw, Benjamin Calitz<br \/>\n<a href=\"https:\/\/www.moderndentistrymedia.com\/moderndentistrymedia\/wp-content\/uploads\/2020\/09\/sauer.pdf\" target=\"_blank\" rel=\"noopener noreferrer\">Guided full arch implant surgery &#8211; a novel approach using a chrome cobalt bone reduction guide: A case report<\/a><\/p>\n<p>Marthinus Johannes Coetsee Jnr and Marthinus Johannes Coetsee Snr<br \/>\n<a href=\"https:\/\/www.moderndentistrymedia.com\/moderndentistrymedia\/wp-content\/uploads\/2020\/09\/coetsee.pdf\" target=\"_blank\" rel=\"noopener noreferrer\">Unilateral Class II treatment using fixed orthodontic appliances with open coil spring, sliding hook and light Class II elastics<\/a><\/p>\n<p>Anthony Mak and Andrew Chio<br \/>\n<a href=\"https:\/\/www.moderndentistrymedia.com\/moderndentistrymedia\/wp-content\/uploads\/2020\/09\/mak1.pdf\">A full digital workflow with 3D-printed temporary restorations<\/a><\/p>\n<p>Linda Greenwall and Robert Katz<br \/>\n<a href=\"https:\/\/www.moderndentistrymedia.com\/moderndentistrymedia\/wp-content\/uploads\/2020\/09\/greenwall.pdf\" target=\"_blank\" rel=\"noopener noreferrer\">Stratified layering of composite restorations after the use of orthodontic aligners<\/a><\/p>\n<p>Tomislav Skrinjaric<br \/>\n<a href=\"https:\/\/www.moderndentistrymedia.com\/moderndentistrymedia\/wp-content\/uploads\/2020\/09\/Skrinjaric.pdf\" target=\"_blank\" rel=\"noopener noreferrer\">Posterior restoration with a universal adhesive and nano-hybrid composite<\/a><\/p>\n<p>&nbsp;<\/p>\n<p><strong>Vol 10 No 5 (October\/November 2020)<\/strong><\/p>\n<p>Andre van Zyl and Johan Hartshorne<br \/>\n<a href=\"https:\/\/www.moderndentistrymedia.com\/moderndentistrymedia\/wp-content\/uploads\/2020\/10\/van-zyl_hartshorne.pdf\" target=\"_blank\" rel=\"noopener noreferrer\">The link between periodontal health, periodontitis and systemic diseases \u2013 emerging insights and new advances for clinicians. Part 1: The oral microbiome \u2013 host relationship in health and disease<\/a><\/p>\n<p>Yurii Riznyk and Svitlana Riznyk<br \/>\n<a href=\"https:\/\/www.moderndentistrymedia.com\/moderndentistrymedia\/wp-content\/uploads\/2020\/10\/riznyk.pdf\" target=\"_blank\" rel=\"noopener noreferrer\">Treatment of mandibular first molars with atypical anatomy: a case report<\/a><\/p>\n<p>Joe Bansal<br \/>\n<a href=\"https:\/\/www.moderndentistrymedia.com\/moderndentistrymedia\/wp-content\/uploads\/2020\/10\/bansal.pdf\" target=\"_blank\" rel=\"noopener noreferrer\">Restoring discoloured composite<\/a><\/p>\n<p>Jose\u2019 Alexandre da Silva Nunes<br \/>\n<a href=\"https:\/\/www.moderndentistrymedia.com\/moderndentistrymedia\/wp-content\/uploads\/2020\/10\/nunes.pdf\" target=\"_blank\" rel=\"noopener noreferrer\">The cardinal role of chemical composition in abutment screw loosening &#8211; A literature review and analysis<\/a><\/p>\n<p>Prashant P. Jaju and Sushma P. Jaju<br \/>\n<a href=\"https:\/\/www.moderndentistrymedia.com\/moderndentistrymedia\/wp-content\/uploads\/2020\/10\/jaju.pdf\" target=\"_blank\" rel=\"noopener noreferrer\">CBCT identifies uncommon root canal variation<\/a><\/p>\n<p>Prashant P. Jaju and Sushma P. Jaju<br \/>\n<a href=\"https:\/\/www.moderndentistrymedia.com\/moderndentistrymedia\/wp-content\/uploads\/2020\/10\/jaju2.pdf\" target=\"_blank\" rel=\"noopener noreferrer\">Diagnosing dens invaginatus with CBCT<\/a><\/p>\n<p>&nbsp;<\/p>\n<p><strong>Vol 10 No 6 (December 2020\/January 2021)<\/strong><\/p>\n<p>Andr\u00e9s Silva<br \/>\n<a href=\"https:\/\/www.moderndentistrymedia.com\/moderndentistrymedia\/wp-content\/uploads\/2020\/12\/silva1.pdf\">A non-invasive treatment approach with direct composite veneers<\/a><\/p>\n<p>Victoria Sampson<br \/>\n<a href=\"https:\/\/www.moderndentistrymedia.com\/moderndentistrymedia\/wp-content\/uploads\/2020\/12\/sampson1.pdf\">Minimally invasive treatment of white spot lesions<\/a><\/p>\n<p>Laurent Marchand, Irena Sailer and Stefan Paul Hicklin<br \/>\n<a href=\"https:\/\/www.moderndentistrymedia.com\/moderndentistrymedia\/wp-content\/uploads\/2020\/12\/marchand1.pdf\">Hard tissue augmentation using an allogenic bone block: a clinical case report<\/a><\/p>\n<p>Tony Rotondo and Szabolcs Hant<br \/>\n<a href=\"https:\/\/www.moderndentistrymedia.com\/moderndentistrymedia\/wp-content\/uploads\/2020\/12\/rotondo.pdf\">Esthetic results on discoloured substructures<\/a><\/p>\n<p>Kreena Patel<br \/>\n<a href=\"https:\/\/www.moderndentistrymedia.com\/moderndentistrymedia\/wp-content\/uploads\/2020\/12\/patel1.pdf\">Management of the MB2<\/a><\/p>\n<p>Gianfranco Politano and Marleen Peumans<br \/>\n<a href=\"https:\/\/www.moderndentistrymedia.com\/moderndentistrymedia\/wp-content\/uploads\/2020\/12\/politano1.pdf\">Simplified layering technique for superior-quality posterior restorations<\/a><\/p>\n<p>Johan Hartshorne and Andre van Zyl<br \/>\n<a href=\"https:\/\/www.moderndentistrymedia.com\/moderndentistrymedia\/wp-content\/uploads\/2020\/12\/hartshorne1.pdf\">COVID-19 risk management in dental practice. Part 1: Seven Pandemics and 100 years later \u2013 What lessons have we learnt?<\/a><\/p>\n<p>&nbsp;<\/p>\n","protected":false},"excerpt":{"rendered":"<p>Ethics 2020 &#8211; Supplement View\/Download PDF Vol 10 No 1 (February\/March 2020) Nitzan Bichacho and Mirela Feraru Replacing hopeless maxillary incisors with adjacent implants via an integrative biologically oriented approach Alan Atlas, Simone Grandini and Marco Martignoni Evidence-based treatment planning for the restoration of endodontically treated single teeth: importance of coronal seal, post vs no [&hellip;]<\/p>\n","protected":false},"author":1,"featured_media":0,"parent":9,"menu_order":0,"comment_status":"closed","ping_status":"closed","template":"","meta":{"_monsterinsights_skip_tracking":false,"_monsterinsights_sitenote_active":false,"_monsterinsights_sitenote_note":"","_monsterinsights_sitenote_category":0,"site-sidebar-layout":"default","site-content-layout":"","ast-site-content-layout":"default","site-content-style":"default","site-sidebar-style":"default","ast-global-header-display":"","ast-banner-title-visibility":"","ast-main-header-display":"","ast-hfb-above-header-display":"","ast-hfb-below-header-display":"","ast-hfb-mobile-header-display":"","site-post-title":"","ast-breadcrumbs-content":"","ast-featured-img":"","footer-sml-layout":"","ast-disable-related-posts":"","theme-transparent-header-meta":"default","adv-header-id-meta":"","stick-header-meta":"","header-above-stick-meta":"","header-main-stick-meta":"","header-below-stick-meta":"","astra-migrate-meta-layouts":"set","ast-page-background-enabled":"default","ast-page-background-meta":{"desktop":{"background-color":"","background-image":"","background-repeat":"repeat","background-position":"center center","background-size":"auto","background-attachment":"scroll","background-type":"","background-media":"","overlay-type":"","overlay-color":"","overlay-opacity":"","overlay-gradient":""},"tablet":{"background-color":"","background-image":"","background-repeat":"repeat","background-position":"center center","background-size":"auto","background-attachment":"scroll","background-type":"","background-media":"","overlay-type":"","overlay-color":"","overlay-opacity":"","overlay-gradient":""},"mobile":{"background-color":"","background-image":"","background-repeat":"repeat","background-position":"center center","background-size":"auto","background-attachment":"scroll","background-type":"","background-media":"","overlay-type":"","overlay-color":"","overlay-opacity":"","overlay-gradient":""}},"ast-content-background-meta":{"desktop":{"background-color":"var(--ast-global-color-5)","background-image":"","background-repeat":"repeat","background-position":"center center","background-size":"auto","background-attachment":"scroll","background-type":"","background-media":"","overlay-type":"","overlay-color":"","overlay-opacity":"","overlay-gradient":""},"tablet":{"background-color":"var(--ast-global-color-5)","background-image":"","background-repeat":"repeat","background-position":"center center","background-size":"auto","background-attachment":"scroll","background-type":"","background-media":"","overlay-type":"","overlay-color":"","overlay-opacity":"","overlay-gradient":""},"mobile":{"background-color":"var(--ast-global-color-5)","background-image":"","background-repeat":"repeat","background-position":"center center","background-size":"auto","background-attachment":"scroll","background-type":"","background-media":"","overlay-type":"","overlay-color":"","overlay-opacity":"","overlay-gradient":""}},"footnotes":""},"class_list":["post-2227","page","type-page","status-publish","hentry"],"yoast_head":"<!-- This site is optimized with the Yoast SEO plugin v27.4 - https:\/\/yoast.com\/product\/yoast-seo-wordpress\/ -->\n<title>2020 ARTICLE ARCHIVE - Modern Dentistry Media<\/title>\n<meta name=\"robots\" content=\"index, follow, max-snippet:-1, max-image-preview:large, max-video-preview:-1\" \/>\n<link rel=\"canonical\" href=\"https:\/\/www.moderndentistrymedia.com\/moderndentistrymedia\/article-archive\/2020-article-archive\/\" \/>\n<meta property=\"og:locale\" content=\"en_US\" \/>\n<meta property=\"og:type\" content=\"article\" \/>\n<meta property=\"og:title\" content=\"2020 ARTICLE ARCHIVE - Modern Dentistry Media\" \/>\n<meta property=\"og:description\" content=\"Ethics 2020 &#8211; Supplement View\/Download PDF Vol 10 No 1 (February\/March 2020) Nitzan Bichacho and Mirela Feraru Replacing hopeless maxillary incisors with adjacent implants via an integrative biologically oriented approach Alan Atlas, Simone Grandini and Marco Martignoni Evidence-based treatment planning for the restoration of endodontically treated single teeth: importance of coronal seal, post vs no [&hellip;]\" \/>\n<meta property=\"og:url\" content=\"https:\/\/www.moderndentistrymedia.com\/moderndentistrymedia\/article-archive\/2020-article-archive\/\" \/>\n<meta property=\"og:site_name\" content=\"Modern Dentistry Media\" \/>\n<meta property=\"article:publisher\" content=\"https:\/\/www.facebook.com\/InternationalDentistrySouthAfrica\" \/>\n<meta property=\"article:modified_time\" content=\"2024-11-27T19:19:06+00:00\" \/>\n<meta name=\"twitter:card\" content=\"summary_large_image\" \/>\n<meta name=\"twitter:label1\" content=\"Est. reading time\" \/>\n\t<meta name=\"twitter:data1\" content=\"3 minutes\" \/>\n<script type=\"application\/ld+json\" class=\"yoast-schema-graph\">{\"@context\":\"https:\\\/\\\/schema.org\",\"@graph\":[{\"@type\":\"WebPage\",\"@id\":\"https:\\\/\\\/www.moderndentistrymedia.com\\\/moderndentistrymedia\\\/article-archive\\\/2020-article-archive\\\/\",\"url\":\"https:\\\/\\\/www.moderndentistrymedia.com\\\/moderndentistrymedia\\\/article-archive\\\/2020-article-archive\\\/\",\"name\":\"2020 ARTICLE ARCHIVE - Modern Dentistry Media\",\"isPartOf\":{\"@id\":\"https:\\\/\\\/www.moderndentistrymedia.com\\\/moderndentistrymedia\\\/#website\"},\"datePublished\":\"2020-02-23T12:24:20+00:00\",\"dateModified\":\"2024-11-27T19:19:06+00:00\",\"breadcrumb\":{\"@id\":\"https:\\\/\\\/www.moderndentistrymedia.com\\\/moderndentistrymedia\\\/article-archive\\\/2020-article-archive\\\/#breadcrumb\"},\"inLanguage\":\"en-US\",\"potentialAction\":[{\"@type\":\"ReadAction\",\"target\":[\"https:\\\/\\\/www.moderndentistrymedia.com\\\/moderndentistrymedia\\\/article-archive\\\/2020-article-archive\\\/\"]}]},{\"@type\":\"BreadcrumbList\",\"@id\":\"https:\\\/\\\/www.moderndentistrymedia.com\\\/moderndentistrymedia\\\/article-archive\\\/2020-article-archive\\\/#breadcrumb\",\"itemListElement\":[{\"@type\":\"ListItem\",\"position\":1,\"name\":\"Home\",\"item\":\"https:\\\/\\\/www.moderndentistrymedia.com\\\/moderndentistrymedia\\\/\"},{\"@type\":\"ListItem\",\"position\":2,\"name\":\"ARTICLE ARCHIVE\",\"item\":\"https:\\\/\\\/www.moderndentistrymedia.com\\\/moderndentistrymedia\\\/article-archive\\\/\"},{\"@type\":\"ListItem\",\"position\":3,\"name\":\"2020 ARTICLE ARCHIVE\"}]},{\"@type\":\"WebSite\",\"@id\":\"https:\\\/\\\/www.moderndentistrymedia.com\\\/moderndentistrymedia\\\/#website\",\"url\":\"https:\\\/\\\/www.moderndentistrymedia.com\\\/moderndentistrymedia\\\/\",\"name\":\"Modern Dentistry Media\",\"description\":\"Home of International Dentistry and Dental Tribune\",\"publisher\":{\"@id\":\"https:\\\/\\\/www.moderndentistrymedia.com\\\/moderndentistrymedia\\\/#organization\"},\"potentialAction\":[{\"@type\":\"SearchAction\",\"target\":{\"@type\":\"EntryPoint\",\"urlTemplate\":\"https:\\\/\\\/www.moderndentistrymedia.com\\\/moderndentistrymedia\\\/?s={search_term_string}\"},\"query-input\":{\"@type\":\"PropertyValueSpecification\",\"valueRequired\":true,\"valueName\":\"search_term_string\"}}],\"inLanguage\":\"en-US\"},{\"@type\":\"Organization\",\"@id\":\"https:\\\/\\\/www.moderndentistrymedia.com\\\/moderndentistrymedia\\\/#organization\",\"name\":\"Modern Dentistry Media\",\"url\":\"https:\\\/\\\/www.moderndentistrymedia.com\\\/moderndentistrymedia\\\/\",\"logo\":{\"@type\":\"ImageObject\",\"inLanguage\":\"en-US\",\"@id\":\"https:\\\/\\\/www.moderndentistrymedia.com\\\/moderndentistrymedia\\\/#\\\/schema\\\/logo\\\/image\\\/\",\"url\":\"https:\\\/\\\/www.moderndentistrymedia.com\\\/moderndentistrymedia\\\/wp-content\\\/uploads\\\/2021\\\/10\\\/cropped-MDM-logo.png\",\"contentUrl\":\"https:\\\/\\\/www.moderndentistrymedia.com\\\/moderndentistrymedia\\\/wp-content\\\/uploads\\\/2021\\\/10\\\/cropped-MDM-logo.png\",\"width\":512,\"height\":170,\"caption\":\"Modern Dentistry Media\"},\"image\":{\"@id\":\"https:\\\/\\\/www.moderndentistrymedia.com\\\/moderndentistrymedia\\\/#\\\/schema\\\/logo\\\/image\\\/\"},\"sameAs\":[\"https:\\\/\\\/www.facebook.com\\\/InternationalDentistrySouthAfrica\"]}]}<\/script>\n<!-- \/ Yoast SEO plugin. -->","yoast_head_json":{"title":"2020 ARTICLE ARCHIVE - Modern Dentistry Media","robots":{"index":"index","follow":"follow","max-snippet":"max-snippet:-1","max-image-preview":"max-image-preview:large","max-video-preview":"max-video-preview:-1"},"canonical":"https:\/\/www.moderndentistrymedia.com\/moderndentistrymedia\/article-archive\/2020-article-archive\/","og_locale":"en_US","og_type":"article","og_title":"2020 ARTICLE ARCHIVE - Modern Dentistry Media","og_description":"Ethics 2020 &#8211; Supplement View\/Download PDF Vol 10 No 1 (February\/March 2020) Nitzan Bichacho and Mirela Feraru Replacing hopeless maxillary incisors with adjacent implants via an integrative biologically oriented approach Alan Atlas, Simone Grandini and Marco Martignoni Evidence-based treatment planning for the restoration of endodontically treated single teeth: importance of coronal seal, post vs no [&hellip;]","og_url":"https:\/\/www.moderndentistrymedia.com\/moderndentistrymedia\/article-archive\/2020-article-archive\/","og_site_name":"Modern Dentistry Media","article_publisher":"https:\/\/www.facebook.com\/InternationalDentistrySouthAfrica","article_modified_time":"2024-11-27T19:19:06+00:00","twitter_card":"summary_large_image","twitter_misc":{"Est. reading time":"3 minutes"},"schema":{"@context":"https:\/\/schema.org","@graph":[{"@type":"WebPage","@id":"https:\/\/www.moderndentistrymedia.com\/moderndentistrymedia\/article-archive\/2020-article-archive\/","url":"https:\/\/www.moderndentistrymedia.com\/moderndentistrymedia\/article-archive\/2020-article-archive\/","name":"2020 ARTICLE ARCHIVE - Modern Dentistry Media","isPartOf":{"@id":"https:\/\/www.moderndentistrymedia.com\/moderndentistrymedia\/#website"},"datePublished":"2020-02-23T12:24:20+00:00","dateModified":"2024-11-27T19:19:06+00:00","breadcrumb":{"@id":"https:\/\/www.moderndentistrymedia.com\/moderndentistrymedia\/article-archive\/2020-article-archive\/#breadcrumb"},"inLanguage":"en-US","potentialAction":[{"@type":"ReadAction","target":["https:\/\/www.moderndentistrymedia.com\/moderndentistrymedia\/article-archive\/2020-article-archive\/"]}]},{"@type":"BreadcrumbList","@id":"https:\/\/www.moderndentistrymedia.com\/moderndentistrymedia\/article-archive\/2020-article-archive\/#breadcrumb","itemListElement":[{"@type":"ListItem","position":1,"name":"Home","item":"https:\/\/www.moderndentistrymedia.com\/moderndentistrymedia\/"},{"@type":"ListItem","position":2,"name":"ARTICLE ARCHIVE","item":"https:\/\/www.moderndentistrymedia.com\/moderndentistrymedia\/article-archive\/"},{"@type":"ListItem","position":3,"name":"2020 ARTICLE ARCHIVE"}]},{"@type":"WebSite","@id":"https:\/\/www.moderndentistrymedia.com\/moderndentistrymedia\/#website","url":"https:\/\/www.moderndentistrymedia.com\/moderndentistrymedia\/","name":"Modern Dentistry Media","description":"Home of International Dentistry and Dental Tribune","publisher":{"@id":"https:\/\/www.moderndentistrymedia.com\/moderndentistrymedia\/#organization"},"potentialAction":[{"@type":"SearchAction","target":{"@type":"EntryPoint","urlTemplate":"https:\/\/www.moderndentistrymedia.com\/moderndentistrymedia\/?s={search_term_string}"},"query-input":{"@type":"PropertyValueSpecification","valueRequired":true,"valueName":"search_term_string"}}],"inLanguage":"en-US"},{"@type":"Organization","@id":"https:\/\/www.moderndentistrymedia.com\/moderndentistrymedia\/#organization","name":"Modern Dentistry Media","url":"https:\/\/www.moderndentistrymedia.com\/moderndentistrymedia\/","logo":{"@type":"ImageObject","inLanguage":"en-US","@id":"https:\/\/www.moderndentistrymedia.com\/moderndentistrymedia\/#\/schema\/logo\/image\/","url":"https:\/\/www.moderndentistrymedia.com\/moderndentistrymedia\/wp-content\/uploads\/2021\/10\/cropped-MDM-logo.png","contentUrl":"https:\/\/www.moderndentistrymedia.com\/moderndentistrymedia\/wp-content\/uploads\/2021\/10\/cropped-MDM-logo.png","width":512,"height":170,"caption":"Modern Dentistry Media"},"image":{"@id":"https:\/\/www.moderndentistrymedia.com\/moderndentistrymedia\/#\/schema\/logo\/image\/"},"sameAs":["https:\/\/www.facebook.com\/InternationalDentistrySouthAfrica"]}]}},"_links":{"self":[{"href":"https:\/\/www.moderndentistrymedia.com\/moderndentistrymedia\/wp-json\/wp\/v2\/pages\/2227","targetHints":{"allow":["GET"]}}],"collection":[{"href":"https:\/\/www.moderndentistrymedia.com\/moderndentistrymedia\/wp-json\/wp\/v2\/pages"}],"about":[{"href":"https:\/\/www.moderndentistrymedia.com\/moderndentistrymedia\/wp-json\/wp\/v2\/types\/page"}],"author":[{"embeddable":true,"href":"https:\/\/www.moderndentistrymedia.com\/moderndentistrymedia\/wp-json\/wp\/v2\/users\/1"}],"replies":[{"embeddable":true,"href":"https:\/\/www.moderndentistrymedia.com\/moderndentistrymedia\/wp-json\/wp\/v2\/comments?post=2227"}],"version-history":[{"count":19,"href":"https:\/\/www.moderndentistrymedia.com\/moderndentistrymedia\/wp-json\/wp\/v2\/pages\/2227\/revisions"}],"predecessor-version":[{"id":5289,"href":"https:\/\/www.moderndentistrymedia.com\/moderndentistrymedia\/wp-json\/wp\/v2\/pages\/2227\/revisions\/5289"}],"up":[{"embeddable":true,"href":"https:\/\/www.moderndentistrymedia.com\/moderndentistrymedia\/wp-json\/wp\/v2\/pages\/9"}],"wp:attachment":[{"href":"https:\/\/www.moderndentistrymedia.com\/moderndentistrymedia\/wp-json\/wp\/v2\/media?parent=2227"}],"curies":[{"name":"wp","href":"https:\/\/api.w.org\/{rel}","templated":true}]}}