{"id":1927,"date":"2019-02-25T11:45:15","date_gmt":"2019-02-25T11:45:15","guid":{"rendered":"http:\/\/www.moderndentistrymedia.com\/moderndentistrymedia\/?page_id=1927"},"modified":"2019-12-12T05:31:09","modified_gmt":"2019-12-12T05:31:09","slug":"2019-article-archive","status":"publish","type":"page","link":"https:\/\/www.moderndentistrymedia.com\/moderndentistrymedia\/2019-article-archive\/","title":{"rendered":"2019 ARTICLE ARCHIVE"},"content":{"rendered":"<p><strong>Vol 9 No 1 (February\/March 2019)<\/strong><\/p>\n<p>Peet J. van der Vyver and Martin Vorster<br \/>\n<a href=\"http:\/\/www.moderndentistrymedia.com\/feb_mar2019\/vd-vyver.pdf\" target=\"_blank\" rel=\"noopener noreferrer\">Clinical application of crosslinked gutta-percha core obturators\u00ad\u00ad<\/a><\/p>\n<p>Antonio J. Flichy<br \/>\n<a href=\"http:\/\/www.moderndentistrymedia.com\/feb_mar2019\/flichy.pdf\" target=\"_blank\" rel=\"noopener noreferrer\">Palatal implant placement, crestal sinus lift and palatal bone regeneration in a severely atrophic maxilla \u2013 nine years of follow-up<\/a><\/p>\n<p>Carlos Andres Villavicencio-Espinoza, Mayara Hana Narimatsu and Adilson Y Furuse<br \/>\n<a href=\"http:\/\/www.moderndentistrymedia.com\/feb_mar2019\/espinoza.pdf\" target=\"_blank\" rel=\"noopener noreferrer\">Using cross-polarised photography as a guide for selecting resin composite shade<\/a><\/p>\n<p>Aiham Farah and Anas Aloum<br \/>\n<a href=\"http:\/\/www.moderndentistrymedia.com\/feb_mar2019\/farah.pdf\" target=\"_blank\" rel=\"noopener noreferrer\">A skilful combination of CAD\/CAM and manual work<\/a><\/p>\n<p>Manal Farea, Adam Husein and Cornelis H Pameijer<br \/>\n<a href=\"http:\/\/www.moderndentistrymedia.com\/feb_mar2019\/farea.pdf\" target=\"_blank\" rel=\"noopener noreferrer\">Furcation perforation: current approaches and future perspectives<\/a><\/p>\n<p>Mauricio Umeno Watanabe<br \/>\n<a href=\"http:\/\/www.moderndentistrymedia.com\/feb_mar2019\/watanabe.pdf\" target=\"_blank\" rel=\"noopener noreferrer\">Minimally invasive reconstruction of anterior teeth &#8211; A combination of 3D printing, press technique and adhesive bonding<\/a><\/p>\n<p>&nbsp;<\/p>\n<p><strong>Vol 9 No 2 (April\/May 2019)<\/strong><\/p>\n<p>Orcan Y\u00fcksel<span class=\"Apple-converted-space\">\u00a0<\/span><br \/>\n<a href=\"http:\/\/www.moderndentistrymedia.com\/apr_may2019\/yuksel.pdf\">Horizontal ridge augmentation and implantation in the mandible using a customized allogenic bone block with a newly designed implant system<\/a><span class=\"Apple-converted-space\">\u00a0<\/span><\/p>\n<p>Cristian Petri<span class=\"Apple-converted-space\">\u00a0<\/span><br \/>\n<a href=\"http:\/\/www.moderndentistrymedia.com\/apr_may2019\/petri.pdf\">Implant-prosthetic restorations \u2013 the challenge of creating an aesthetically pleasing smile in an edentulous patient<\/a><span class=\"Apple-converted-space\">\u00a0<\/span><\/p>\n<p>Fernando Mu\u00f1oz Ay\u00f3n, Jorge Paredes Vieyra and Victor Manuel de la Torre Mart\u00ednez<span class=\"Apple-converted-space\">\u00a0<\/span><br \/>\n<a href=\"http:\/\/www.moderndentistrymedia.com\/apr_may2019\/ayon.pdf\">Non-surgical endodontic retreatment of extensive periapical lesion<\/a><span class=\"Apple-converted-space\">\u00a0<\/span><\/p>\n<p>Stefan Koubi<span class=\"Apple-converted-space\">\u00a0<\/span><br \/>\n<a href=\"http:\/\/www.moderndentistrymedia.com\/apr_may2019\/koubi.pdf\">The no prep approach: when and how?<span class=\"Apple-converted-space\">\u00a0<\/span><\/a><\/p>\n<p>Peet J. van der Vyver and Martin Vorster<span class=\"Apple-converted-space\">\u00a0<\/span><br \/>\n<a href=\"http:\/\/www.moderndentistrymedia.com\/apr_may2019\/vd-vyver.pdf\">Illustration of the different clinical applications of a nano-ceramic composite: A pictorial essay<\/a><span class=\"Apple-converted-space\">\u00a0<\/span><\/p>\n<p>Amit Patel and Tanvi Bagtharia<span class=\"Apple-converted-space\">\u00a0<\/span><br \/>\n<a href=\"http:\/\/www.moderndentistrymedia.com\/apr_may2019\/patel.pdf\">Minimally invasive treatment of the single dark tooth with vital bleaching<\/a><span class=\"Apple-converted-space\">\u00a0<\/span><\/p>\n<p>Sanzio Marques<span class=\"Apple-converted-space\">\u00a0<\/span><br \/>\n<a href=\"http:\/\/www.moderndentistrymedia.com\/apr_may2019\/marques.pdf\">Restoration of occlusal cavities in the posterior dentition using an ormocer- based material<\/a><span class=\"Apple-converted-space\">\u00a0<\/span><\/p>\n<p>Bernhild-Elke Stamnitz<span class=\"Apple-converted-space\">\u00a0<\/span><br \/>\n<a href=\"http:\/\/www.moderndentistrymedia.com\/apr_may2019\/stamnitz.pdf\">Scan perfectly with a novel intraoral scanner, and gain time for what is really important: your patients<\/a><span class=\"Apple-converted-space\">\u00a0<\/span><\/p>\n<p>Erwin Eitler<span class=\"Apple-converted-space\">\u00a0<\/span><br \/>\n<a href=\"http:\/\/www.moderndentistrymedia.com\/apr_may2019\/eitler.pdf\">Removable prosthetics as high-quality restorative treatment in the edentulous patient<\/a><span class=\"Apple-converted-space\">\u00a0<\/span><\/p>\n<p>&nbsp;<\/p>\n<p><strong>Vol 9 No 3 (June\/July 2019)<\/strong><\/p>\n<p>J\u00fcrgen Manhart<br \/>\n<a href=\"http:\/\/www.moderndentistrymedia.com\/jun_jul2019\/manhart.pdf\">Cusp replacement with an extensive posterior direct restoration using a nanohybrid bulk-fill ormocer<\/a><\/p>\n<p>Louwrens Swart and Paul Van Zyl<br \/>\n<a href=\"http:\/\/www.moderndentistrymedia.com\/jun_jul2019\/swart.pdf\">1-Tooth 1-Time technique: State-of-the-Art Implant Dentistry<\/a><\/p>\n<p>Peet J. van der Vyver, Greg Flint and Martin Vorster<br \/>\n<a href=\"http:\/\/www.moderndentistrymedia.com\/jun_jul2019\/van der vyver.pdf\">A pictorial essay illustrating the root to crown concept using a single-file preparation system and CAD\/CAM technology<\/a><\/p>\n<p>Ramona Buser, Qin Yue, Patrick Zimmermann, Valerie G. A. Suter, Samir Abou-Ayash, Martin Schimmel<br \/>\n<a href=\"http:\/\/www.moderndentistrymedia.com\/jun_jul2019\/buser-schimmel.pdf\">Prosthodontic solutions for elderly patients<\/a><\/p>\n<p>Hyun-Jun Jung and Kyung-Sik Park<br \/>\n<a href=\"http:\/\/www.moderndentistrymedia.com\/jun_jul2019\/park.pdf\">Short cut in the digital fast track<\/a><\/p>\n<p>Ali Salehi<br \/>\n<a href=\"http:\/\/www.moderndentistrymedia.com\/jun_jul2019\/salehi.pdf\">Injection moulding with composite to obtain a predictable aesthetic outcome<\/a><\/p>\n<p>Jordi Manauta<br \/>\n<a href=\"http:\/\/www.moderndentistrymedia.com\/jun_jul2019\/manauta.pdf\">Active care bleach: infiltrate and restore<\/a><\/p>\n<p>&nbsp;<\/p>\n<p><strong>Vol 9 No 4 (August\/September 2019)<\/strong><\/p>\n<p>Peet J. van der Vyver, Martin Vorster, Ove A. Peters<br \/>\n<a href=\"https:\/\/www.moderndentistrymedia.com\/moderndentistrymedia\/wp-content\/uploads\/2019\/09\/van-der-vyver-final.pdf\" target=\"_blank\" rel=\"noopener noreferrer\">Minimally invasive endodontics using a new single-file rotary system<\/a><\/p>\n<p>J\u00fcrgen Manhart<br \/>\n<a href=\"https:\/\/www.moderndentistrymedia.com\/moderndentistrymedia\/wp-content\/uploads\/2019\/08\/manhart.pdf\" target=\"_blank\" rel=\"noopener noreferrer\">Direct cusp replacement in the molar region using a thermoviscous bulk-fill composite restorative material \u2013 a clinical case report<\/a><\/p>\n<p>Luis Cuadrado de Vicente, Cristina Cuadrado Canals, Andrea S\u00e1nchez Becerra, Luis Cuadrado Canals <a href=\"https:\/\/www.moderndentistrymedia.com\/moderndentistrymedia\/wp-content\/uploads\/2019\/08\/cuadrado.pdf\" target=\"_blank\" rel=\"noopener noreferrer\">Glass ionomers: the material of choice in paediatric dentistry?<\/a><\/p>\n<p>Florin Cofar and Eric van Dooren<br \/>\n<a href=\"https:\/\/www.moderndentistrymedia.com\/moderndentistrymedia\/wp-content\/uploads\/2019\/08\/van-dooren.pdf\" target=\"_blank\" rel=\"noopener noreferrer\">Preoperative digital planning<\/a><\/p>\n<p>Nikhil Sethi<br \/>\n<a href=\"https:\/\/www.moderndentistrymedia.com\/moderndentistrymedia\/wp-content\/uploads\/2019\/08\/sethi.pdf\" target=\"_blank\" rel=\"noopener noreferrer\">Lasers in dentistry: gingivectomy by diode laser<\/a><\/p>\n<p>Thomas Trentesaux, Caroline Leverd, Mathilde Laumaille, Marion Jayet, Caroline Delfosse<br \/>\n<a href=\"https:\/\/www.moderndentistrymedia.com\/moderndentistrymedia\/wp-content\/uploads\/2019\/08\/trentesaux.pdf\" target=\"_blank\" rel=\"noopener noreferrer\">Glass ionomers: the material of choice in paediatric dentistry?<\/a><\/p>\n<p>Thomas Sealey<br \/>\n<a href=\"https:\/\/www.moderndentistrymedia.com\/moderndentistrymedia\/wp-content\/uploads\/2019\/08\/sealey.pdf\" target=\"_blank\" rel=\"noopener noreferrer\">Alignment of anterior teeth before minimally invasive veneers to treat microdontic laterals<\/a><\/p>\n<p>Andreas Kurbad<br \/>\n<a href=\"https:\/\/www.moderndentistrymedia.com\/moderndentistrymedia\/wp-content\/uploads\/2019\/08\/kurbad.pdf\" target=\"_blank\" rel=\"noopener noreferrer\">Scan perfectly with a novel intraoral scanner, and gain time for what is really important: your patients<\/a><\/p>\n<p>&nbsp;<\/p>\n<p><strong>Vol 9 No 5 (October\/November 2019)<\/strong><\/p>\n<p>M\u00e1rk Fr\u00e1ter and Andr\u00e1s Forster<br \/>\n<a href=\"https:\/\/www.moderndentistrymedia.com\/moderndentistrymedia\/wp-content\/uploads\/2019\/10\/frater_IDAE_9-5.pdf\" target=\"_blank\" rel=\"noopener noreferrer\">New generation short fibre-reinforced composite restorations of the posterior dentition <\/a><\/p>\n<p>Hidetaka Sasaki<br \/>\n<a href=\"https:\/\/www.moderndentistrymedia.com\/moderndentistrymedia\/wp-content\/uploads\/2019\/10\/sasaki_IDAE_9-5.pdf\" target=\"_blank\" rel=\"noopener noreferrer\">Easy and efficient: Composite resin blocks for the CAD\/CAM technique<\/a><\/p>\n<p>Shiraz Khan<br \/>\n<a href=\"https:\/\/www.moderndentistrymedia.com\/moderndentistrymedia\/wp-content\/uploads\/2019\/10\/khan_IDAE_9-5.pdf\" target=\"_blank\" rel=\"noopener noreferrer\">Conservative smile makeover using resin infiltration and microabrasion<\/a><\/p>\n<p>Sepehr Zarrine<br \/>\n<a href=\"https:\/\/www.moderndentistrymedia.com\/moderndentistrymedia\/wp-content\/uploads\/2019\/10\/zarrine_IDAE_9-5.pdf\" target=\"_blank\" rel=\"noopener noreferrer\">Mini-implants: a viable alternative for complex clinical situations &#8211; a clinical case report<\/a><\/p>\n<p>Diether Reusch and Jan Str\u00fcder<br \/>\n<a href=\"https:\/\/www.moderndentistrymedia.com\/moderndentistrymedia\/wp-content\/uploads\/2019\/10\/reusch_IDAE_9-5.pdf\" target=\"_blank\" rel=\"noopener noreferrer\">Posterior occlusal veneers in the dental practice<\/a><\/p>\n<p>Sascha Hein<br \/>\n<a href=\"https:\/\/www.moderndentistrymedia.com\/moderndentistrymedia\/wp-content\/uploads\/2019\/10\/hein_IDAE_9-5.pdf\" target=\"_blank\" rel=\"noopener noreferrer\">Case planning for the implant-borne fixed partial denture<\/a><\/p>\n<p>Nikhil Sethi<br \/>\n<a href=\"https:\/\/www.moderndentistrymedia.com\/moderndentistrymedia\/wp-content\/uploads\/2019\/10\/sethi_IDAE_9-5.pdf\" target=\"_blank\" rel=\"noopener noreferrer\">Lasers in dentistry \u2013 a clinical case of tooth restoration<\/a><\/p>\n<p>&nbsp;<\/p>\n<p><strong>Vol 9 No 6 (December 2019\/January 2020)<\/strong><\/p>\n<p>Johan Christian Julyan and Marius Coetsee<br \/>\n<a href=\"https:\/\/www.moderndentistrymedia.com\/moderndentistrymedia\/wp-content\/uploads\/2019\/12\/julyan.pdf\" target=\"_blank\" rel=\"noopener noreferrer\">Class II Division 2 deep bite treatment using a combination of fixed orthodontic appliances and an acrylic splint<\/a><\/p>\n<p>Johan Hartshorne<br \/>\n<a href=\"https:\/\/www.moderndentistrymedia.com\/moderndentistrymedia\/wp-content\/uploads\/2019\/12\/hartshorne_part1.pdf\" target=\"_blank\" rel=\"noopener noreferrer\">Antibiotic stewardship in dentistry \u2013 review of evidencebased clinical recommendations on appropriate antibiotic prescribing in dental practice Part 1: The antibiotic resistance crisis and the principles and practices of appropriate antibiotic prescribing<\/a><\/p>\n<p>Naheed Mohamed, Yosi Nahmias and Ken Serota<br \/>\n<a href=\"https:\/\/www.moderndentistrymedia.com\/moderndentistrymedia\/wp-content\/uploads\/2019\/12\/mahomed.pdf\" target=\"_blank\" rel=\"noopener noreferrer\">The cortical window<\/a><\/p>\n<p>Vincenzo Santomauro<br \/>\n<a href=\"https:\/\/www.moderndentistrymedia.com\/moderndentistrymedia\/wp-content\/uploads\/2019\/12\/santomauro.pdf\" target=\"_blank\" rel=\"noopener noreferrer\">Immediate loading of post-extraction implant in a high-esthetic value area: digital workflow advantages<\/a><\/p>\n<p>Johan Hartshorne<br \/>\n<a href=\"https:\/\/www.moderndentistrymedia.com\/moderndentistrymedia\/wp-content\/uploads\/2019\/12\/hartshorne_part2.pdf\" target=\"_blank\" rel=\"noopener noreferrer\">Antibiotic stewardship in dentistry \u2013 review of evidencebased clinical recommendations on appropriate antibiotic prescribing in dental practice Part 2: Clinical guidelines and recommendations for antibiotic prescribing in dental practice<\/a><\/p>\n","protected":false},"excerpt":{"rendered":"<p>Vol 9 No 1 (February\/March 2019) Peet J. van der Vyver and Martin Vorster Clinical application of crosslinked gutta-percha core obturators\u00ad\u00ad Antonio J. Flichy Palatal implant placement, crestal sinus lift and palatal bone regeneration in a severely atrophic maxilla \u2013 nine years of follow-up Carlos Andres Villavicencio-Espinoza, Mayara Hana Narimatsu and Adilson Y Furuse Using [&hellip;]<\/p>\n","protected":false},"author":1,"featured_media":0,"parent":0,"menu_order":0,"comment_status":"closed","ping_status":"closed","template":"","meta":{"_monsterinsights_skip_tracking":false,"_monsterinsights_sitenote_active":false,"_monsterinsights_sitenote_note":"","_monsterinsights_sitenote_category":0,"site-sidebar-layout":"default","site-content-layout":"","ast-site-content-layout":"default","site-content-style":"default","site-sidebar-style":"default","ast-global-header-display":"","ast-banner-title-visibility":"","ast-main-header-display":"","ast-hfb-above-header-display":"","ast-hfb-below-header-display":"","ast-hfb-mobile-header-display":"","site-post-title":"","ast-breadcrumbs-content":"","ast-featured-img":"","footer-sml-layout":"","ast-disable-related-posts":"","theme-transparent-header-meta":"","adv-header-id-meta":"","stick-header-meta":"","header-above-stick-meta":"","header-main-stick-meta":"","header-below-stick-meta":"","astra-migrate-meta-layouts":"default","ast-page-background-enabled":"default","ast-page-background-meta":{"desktop":{"background-color":"","background-image":"","background-repeat":"repeat","background-position":"center center","background-size":"auto","background-attachment":"scroll","background-type":"","background-media":"","overlay-type":"","overlay-color":"","overlay-opacity":"","overlay-gradient":""},"tablet":{"background-color":"","background-image":"","background-repeat":"repeat","background-position":"center center","background-size":"auto","background-attachment":"scroll","background-type":"","background-media":"","overlay-type":"","overlay-color":"","overlay-opacity":"","overlay-gradient":""},"mobile":{"background-color":"","background-image":"","background-repeat":"repeat","background-position":"center center","background-size":"auto","background-attachment":"scroll","background-type":"","background-media":"","overlay-type":"","overlay-color":"","overlay-opacity":"","overlay-gradient":""}},"ast-content-background-meta":{"desktop":{"background-color":"var(--ast-global-color-5)","background-image":"","background-repeat":"repeat","background-position":"center center","background-size":"auto","background-attachment":"scroll","background-type":"","background-media":"","overlay-type":"","overlay-color":"","overlay-opacity":"","overlay-gradient":""},"tablet":{"background-color":"var(--ast-global-color-5)","background-image":"","background-repeat":"repeat","background-position":"center center","background-size":"auto","background-attachment":"scroll","background-type":"","background-media":"","overlay-type":"","overlay-color":"","overlay-opacity":"","overlay-gradient":""},"mobile":{"background-color":"var(--ast-global-color-5)","background-image":"","background-repeat":"repeat","background-position":"center center","background-size":"auto","background-attachment":"scroll","background-type":"","background-media":"","overlay-type":"","overlay-color":"","overlay-opacity":"","overlay-gradient":""}},"footnotes":""},"class_list":["post-1927","page","type-page","status-publish","hentry"],"yoast_head":"<!-- This site is optimized with the Yoast SEO plugin v27.0 - https:\/\/yoast.com\/product\/yoast-seo-wordpress\/ -->\n<title>2019 ARTICLE ARCHIVE - Modern Dentistry Media<\/title>\n<meta name=\"robots\" content=\"index, follow, max-snippet:-1, max-image-preview:large, max-video-preview:-1\" \/>\n<link rel=\"canonical\" href=\"https:\/\/www.moderndentistrymedia.com\/moderndentistrymedia\/2019-article-archive\/\" \/>\n<meta property=\"og:locale\" content=\"en_US\" \/>\n<meta property=\"og:type\" content=\"article\" \/>\n<meta property=\"og:title\" content=\"2019 ARTICLE ARCHIVE - Modern Dentistry Media\" \/>\n<meta property=\"og:description\" content=\"Vol 9 No 1 (February\/March 2019) Peet J. van der Vyver and Martin Vorster Clinical application of crosslinked gutta-percha core obturators\u00ad\u00ad Antonio J. Flichy Palatal implant placement, crestal sinus lift and palatal bone regeneration in a severely atrophic maxilla \u2013 nine years of follow-up Carlos Andres Villavicencio-Espinoza, Mayara Hana Narimatsu and Adilson Y Furuse Using [&hellip;]\" \/>\n<meta property=\"og:url\" content=\"https:\/\/www.moderndentistrymedia.com\/moderndentistrymedia\/2019-article-archive\/\" \/>\n<meta property=\"og:site_name\" content=\"Modern Dentistry Media\" \/>\n<meta property=\"article:publisher\" content=\"https:\/\/www.facebook.com\/InternationalDentistrySouthAfrica\" \/>\n<meta property=\"article:modified_time\" content=\"2019-12-12T05:31:09+00:00\" \/>\n<meta name=\"twitter:card\" content=\"summary_large_image\" \/>\n<meta name=\"twitter:label1\" content=\"Est. reading time\" \/>\n\t<meta name=\"twitter:data1\" content=\"4 minutes\" \/>\n<script type=\"application\/ld+json\" class=\"yoast-schema-graph\">{\"@context\":\"https:\/\/schema.org\",\"@graph\":[{\"@type\":\"WebPage\",\"@id\":\"https:\/\/www.moderndentistrymedia.com\/moderndentistrymedia\/2019-article-archive\/\",\"url\":\"https:\/\/www.moderndentistrymedia.com\/moderndentistrymedia\/2019-article-archive\/\",\"name\":\"2019 ARTICLE ARCHIVE - Modern Dentistry Media\",\"isPartOf\":{\"@id\":\"https:\/\/www.moderndentistrymedia.com\/moderndentistrymedia\/#website\"},\"datePublished\":\"2019-02-25T11:45:15+00:00\",\"dateModified\":\"2019-12-12T05:31:09+00:00\",\"breadcrumb\":{\"@id\":\"https:\/\/www.moderndentistrymedia.com\/moderndentistrymedia\/2019-article-archive\/#breadcrumb\"},\"inLanguage\":\"en-US\",\"potentialAction\":[{\"@type\":\"ReadAction\",\"target\":[\"https:\/\/www.moderndentistrymedia.com\/moderndentistrymedia\/2019-article-archive\/\"]}]},{\"@type\":\"BreadcrumbList\",\"@id\":\"https:\/\/www.moderndentistrymedia.com\/moderndentistrymedia\/2019-article-archive\/#breadcrumb\",\"itemListElement\":[{\"@type\":\"ListItem\",\"position\":1,\"name\":\"Home\",\"item\":\"https:\/\/www.moderndentistrymedia.com\/moderndentistrymedia\/\"},{\"@type\":\"ListItem\",\"position\":2,\"name\":\"2019 ARTICLE ARCHIVE\"}]},{\"@type\":\"WebSite\",\"@id\":\"https:\/\/www.moderndentistrymedia.com\/moderndentistrymedia\/#website\",\"url\":\"https:\/\/www.moderndentistrymedia.com\/moderndentistrymedia\/\",\"name\":\"Modern Dentistry Media\",\"description\":\"Home of International Dentistry and Dental Tribune\",\"publisher\":{\"@id\":\"https:\/\/www.moderndentistrymedia.com\/moderndentistrymedia\/#organization\"},\"potentialAction\":[{\"@type\":\"SearchAction\",\"target\":{\"@type\":\"EntryPoint\",\"urlTemplate\":\"https:\/\/www.moderndentistrymedia.com\/moderndentistrymedia\/?s={search_term_string}\"},\"query-input\":{\"@type\":\"PropertyValueSpecification\",\"valueRequired\":true,\"valueName\":\"search_term_string\"}}],\"inLanguage\":\"en-US\"},{\"@type\":\"Organization\",\"@id\":\"https:\/\/www.moderndentistrymedia.com\/moderndentistrymedia\/#organization\",\"name\":\"Modern Dentistry Media\",\"url\":\"https:\/\/www.moderndentistrymedia.com\/moderndentistrymedia\/\",\"logo\":{\"@type\":\"ImageObject\",\"inLanguage\":\"en-US\",\"@id\":\"https:\/\/www.moderndentistrymedia.com\/moderndentistrymedia\/#\/schema\/logo\/image\/\",\"url\":\"https:\/\/www.moderndentistrymedia.com\/moderndentistrymedia\/wp-content\/uploads\/2021\/10\/cropped-MDM-logo.png\",\"contentUrl\":\"https:\/\/www.moderndentistrymedia.com\/moderndentistrymedia\/wp-content\/uploads\/2021\/10\/cropped-MDM-logo.png\",\"width\":512,\"height\":170,\"caption\":\"Modern Dentistry Media\"},\"image\":{\"@id\":\"https:\/\/www.moderndentistrymedia.com\/moderndentistrymedia\/#\/schema\/logo\/image\/\"},\"sameAs\":[\"https:\/\/www.facebook.com\/InternationalDentistrySouthAfrica\"]}]}<\/script>\n<!-- \/ Yoast SEO plugin. -->","yoast_head_json":{"title":"2019 ARTICLE ARCHIVE - Modern Dentistry Media","robots":{"index":"index","follow":"follow","max-snippet":"max-snippet:-1","max-image-preview":"max-image-preview:large","max-video-preview":"max-video-preview:-1"},"canonical":"https:\/\/www.moderndentistrymedia.com\/moderndentistrymedia\/2019-article-archive\/","og_locale":"en_US","og_type":"article","og_title":"2019 ARTICLE ARCHIVE - Modern Dentistry Media","og_description":"Vol 9 No 1 (February\/March 2019) Peet J. van der Vyver and Martin Vorster Clinical application of crosslinked gutta-percha core obturators\u00ad\u00ad Antonio J. Flichy Palatal implant placement, crestal sinus lift and palatal bone regeneration in a severely atrophic maxilla \u2013 nine years of follow-up Carlos Andres Villavicencio-Espinoza, Mayara Hana Narimatsu and Adilson Y Furuse Using [&hellip;]","og_url":"https:\/\/www.moderndentistrymedia.com\/moderndentistrymedia\/2019-article-archive\/","og_site_name":"Modern Dentistry Media","article_publisher":"https:\/\/www.facebook.com\/InternationalDentistrySouthAfrica","article_modified_time":"2019-12-12T05:31:09+00:00","twitter_card":"summary_large_image","twitter_misc":{"Est. reading time":"4 minutes"},"schema":{"@context":"https:\/\/schema.org","@graph":[{"@type":"WebPage","@id":"https:\/\/www.moderndentistrymedia.com\/moderndentistrymedia\/2019-article-archive\/","url":"https:\/\/www.moderndentistrymedia.com\/moderndentistrymedia\/2019-article-archive\/","name":"2019 ARTICLE ARCHIVE - Modern Dentistry Media","isPartOf":{"@id":"https:\/\/www.moderndentistrymedia.com\/moderndentistrymedia\/#website"},"datePublished":"2019-02-25T11:45:15+00:00","dateModified":"2019-12-12T05:31:09+00:00","breadcrumb":{"@id":"https:\/\/www.moderndentistrymedia.com\/moderndentistrymedia\/2019-article-archive\/#breadcrumb"},"inLanguage":"en-US","potentialAction":[{"@type":"ReadAction","target":["https:\/\/www.moderndentistrymedia.com\/moderndentistrymedia\/2019-article-archive\/"]}]},{"@type":"BreadcrumbList","@id":"https:\/\/www.moderndentistrymedia.com\/moderndentistrymedia\/2019-article-archive\/#breadcrumb","itemListElement":[{"@type":"ListItem","position":1,"name":"Home","item":"https:\/\/www.moderndentistrymedia.com\/moderndentistrymedia\/"},{"@type":"ListItem","position":2,"name":"2019 ARTICLE ARCHIVE"}]},{"@type":"WebSite","@id":"https:\/\/www.moderndentistrymedia.com\/moderndentistrymedia\/#website","url":"https:\/\/www.moderndentistrymedia.com\/moderndentistrymedia\/","name":"Modern Dentistry Media","description":"Home of International Dentistry and Dental Tribune","publisher":{"@id":"https:\/\/www.moderndentistrymedia.com\/moderndentistrymedia\/#organization"},"potentialAction":[{"@type":"SearchAction","target":{"@type":"EntryPoint","urlTemplate":"https:\/\/www.moderndentistrymedia.com\/moderndentistrymedia\/?s={search_term_string}"},"query-input":{"@type":"PropertyValueSpecification","valueRequired":true,"valueName":"search_term_string"}}],"inLanguage":"en-US"},{"@type":"Organization","@id":"https:\/\/www.moderndentistrymedia.com\/moderndentistrymedia\/#organization","name":"Modern Dentistry Media","url":"https:\/\/www.moderndentistrymedia.com\/moderndentistrymedia\/","logo":{"@type":"ImageObject","inLanguage":"en-US","@id":"https:\/\/www.moderndentistrymedia.com\/moderndentistrymedia\/#\/schema\/logo\/image\/","url":"https:\/\/www.moderndentistrymedia.com\/moderndentistrymedia\/wp-content\/uploads\/2021\/10\/cropped-MDM-logo.png","contentUrl":"https:\/\/www.moderndentistrymedia.com\/moderndentistrymedia\/wp-content\/uploads\/2021\/10\/cropped-MDM-logo.png","width":512,"height":170,"caption":"Modern Dentistry Media"},"image":{"@id":"https:\/\/www.moderndentistrymedia.com\/moderndentistrymedia\/#\/schema\/logo\/image\/"},"sameAs":["https:\/\/www.facebook.com\/InternationalDentistrySouthAfrica"]}]}},"_links":{"self":[{"href":"https:\/\/www.moderndentistrymedia.com\/moderndentistrymedia\/wp-json\/wp\/v2\/pages\/1927","targetHints":{"allow":["GET"]}}],"collection":[{"href":"https:\/\/www.moderndentistrymedia.com\/moderndentistrymedia\/wp-json\/wp\/v2\/pages"}],"about":[{"href":"https:\/\/www.moderndentistrymedia.com\/moderndentistrymedia\/wp-json\/wp\/v2\/types\/page"}],"author":[{"embeddable":true,"href":"https:\/\/www.moderndentistrymedia.com\/moderndentistrymedia\/wp-json\/wp\/v2\/users\/1"}],"replies":[{"embeddable":true,"href":"https:\/\/www.moderndentistrymedia.com\/moderndentistrymedia\/wp-json\/wp\/v2\/comments?post=1927"}],"version-history":[{"count":17,"href":"https:\/\/www.moderndentistrymedia.com\/moderndentistrymedia\/wp-json\/wp\/v2\/pages\/1927\/revisions"}],"predecessor-version":[{"id":2177,"href":"https:\/\/www.moderndentistrymedia.com\/moderndentistrymedia\/wp-json\/wp\/v2\/pages\/1927\/revisions\/2177"}],"wp:attachment":[{"href":"https:\/\/www.moderndentistrymedia.com\/moderndentistrymedia\/wp-json\/wp\/v2\/media?parent=1927"}],"curies":[{"name":"wp","href":"https:\/\/api.w.org\/{rel}","templated":true}]}}